{"id":72,"date":"2025-02-02T14:25:47","date_gmt":"2025-02-02T13:25:47","guid":{"rendered":"http:\/\/cnuzyis.cluster030.hosting.ovh.net\/?page_id=72"},"modified":"2025-02-02T16:33:39","modified_gmt":"2025-02-02T15:33:39","slug":"contacto","status":"publish","type":"page","link":"https:\/\/www.clinicaveterinariamanacor.com\/index.php\/contacto\/","title":{"rendered":"CONTACTO"},"content":{"rendered":"\n<div class=\"wp-block-group is-layout-constrained wp-container-core-group-is-layout-92b9201d wp-block-group-is-layout-constrained\">\n<p class=\"has-large-font-size\"><strong>Direcci\u00f3n:<\/strong><\/p>\n\n\n\n<p class=\"has-big-font-size\">V\u00eda Portugal, n\u00ba 56, 07500 &#8211; Manacor, Islas Baleares<\/p>\n\n\n\n<iframe src=\"https:\/\/www.google.com\/maps\/embed?pb=!1m18!1m12!1m3!1d914.3963882061776!2d3.218262662729204!3d39.567485693070786!2m3!1f0!2f0!3f0!3m2!1i1024!2i768!4f13.1!3m3!1m2!1s0x1296485517b4b1d3%3A0x4037788c7378f64e!2sCl%C3%ADnica%20Veterin%C3%A0ria%20Manacor!5e0!3m2!1sen!2ses!4v1738509937958!5m2!1sen!2ses\" width=\"600\" height=\"450\" style=\"border:0;\" allowfullscreen=\"\" loading=\"lazy\" referrerpolicy=\"no-referrer-when-downgrade\"><\/iframe>\n<\/div>\n\n\n\n<div class=\"wp-block-group is-layout-constrained wp-container-core-group-is-layout-e0082cf6 wp-block-group-is-layout-constrained\">\n<p class=\"has-large-font-size\"><strong>Correo electr\u00f3nico:<\/strong><\/p>\n\n\n\n<p class=\"has-big-font-size\"><a href=\"mailto:clinicaveterinariamanacor@gmail.com\">clinicaveterinariamanacor@gmail.com<\/a><\/p>\n<\/div>\n\n\n\n<div class=\"wp-block-group is-layout-constrained wp-container-core-group-is-layout-e0082cf6 wp-block-group-is-layout-constrained\">\n<p class=\"has-large-font-size\"><strong>Tel\u00e9fono:<\/strong><\/p>\n\n\n\n<p class=\"has-big-font-size\">M\u00f3vil &#8211; 625 734 892 \/ Fijo &#8211; 971 093 707<\/p>\n<\/div>\n","protected":false},"excerpt":{"rendered":"<p>Direcci\u00f3n: V\u00eda Portugal, n\u00ba 56, 07500 &#8211; Manacor, Islas Baleares Correo electr\u00f3nico: clinicaveterinariamanacor@gmail.com Tel\u00e9fono: M\u00f3vil [&hellip;]<\/p>\n","protected":false},"author":1,"featured_media":0,"parent":0,"menu_order":0,"comment_status":"closed","ping_status":"closed","template":"","meta":{"footnotes":""},"class_list":["post-72","page","type-page","status-publish","hentry"],"_links":{"self":[{"href":"https:\/\/www.clinicaveterinariamanacor.com\/index.php\/wp-json\/wp\/v2\/pages\/72","targetHints":{"allow":["GET"]}}],"collection":[{"href":"https:\/\/www.clinicaveterinariamanacor.com\/index.php\/wp-json\/wp\/v2\/pages"}],"about":[{"href":"https:\/\/www.clinicaveterinariamanacor.com\/index.php\/wp-json\/wp\/v2\/types\/page"}],"author":[{"embeddable":true,"href":"https:\/\/www.clinicaveterinariamanacor.com\/index.php\/wp-json\/wp\/v2\/users\/1"}],"replies":[{"embeddable":true,"href":"https:\/\/www.clinicaveterinariamanacor.com\/index.php\/wp-json\/wp\/v2\/comments?post=72"}],"version-history":[{"count":7,"href":"https:\/\/www.clinicaveterinariamanacor.com\/index.php\/wp-json\/wp\/v2\/pages\/72\/revisions"}],"predecessor-version":[{"id":127,"href":"https:\/\/www.clinicaveterinariamanacor.com\/index.php\/wp-json\/wp\/v2\/pages\/72\/revisions\/127"}],"wp:attachment":[{"href":"https:\/\/www.clinicaveterinariamanacor.com\/index.php\/wp-json\/wp\/v2\/media?parent=72"}],"curies":[{"name":"wp","href":"https:\/\/api.w.org\/{rel}","templated":true}]}}