{"id":166,"date":"2025-02-02T18:54:43","date_gmt":"2025-02-02T17:54:43","guid":{"rendered":"http:\/\/cnuzyis.cluster030.hosting.ovh.net\/?page_id=166"},"modified":"2025-02-02T19:05:19","modified_gmt":"2025-02-02T18:05:19","slug":"politica-de-cookies","status":"publish","type":"page","link":"https:\/\/www.clinicaveterinariamanacor.com\/index.php\/politica-de-cookies\/","title":{"rendered":"POLITICA DE COOKIES"},"content":{"rendered":"\n<div class=\"wp-block-group is-layout-constrained wp-block-group-is-layout-constrained\">\n<h2 class=\"wp-block-heading\">Pol\u00edtica de Cookies<\/h2>\n\n\n\n<h3 class=\"wp-block-heading\">\u00bfQu\u00e9 es una cookie?<\/h3>\n\n\n\n<p>Las cookies son peque\u00f1os archivos de texto ubicados en el directorio de su navegador, que podr\u00edan ser<br>colocadas en su dispositivo. Cuando se accede a un sitio web, la cookie que se coloca en un dispositivo<br>enviar\u00e1 informaci\u00f3n a la parte que la hubiese colocado. Las cookies son extremadamente comunes y<br>utilizadas en numerosos sitios web. Estas tecnolog\u00edas pueden servir para finalidades muy diversas, como,<br>por ejemplo, reconocerte como usuario, obtener informaci\u00f3n sobre tus h\u00e1bitos de navegaci\u00f3n, o<br>personalizar la forma en que se muestra el contenido. <\/p>\n\n\n\n<p>Los usos concretos que hacemos de estas tecnolog\u00edas se describen a continuaci\u00f3n.<\/p>\n\n\n\n<h3 class=\"wp-block-heading\">Identificaci\u00f3n de cookies utilizadas <strong>(adapte el siguiente texto en funci\u00f3n de las cookies utilizadas en su web)<\/strong><\/h3>\n\n\n\n<p>Las cookies empleadas en esta web se clasifican de la siguiente forma:<\/p>\n\n\n\n<ul class=\"wp-block-list\">\n<li><strong>Cookies propias:<\/strong> son cookies espec\u00edficas del responsable de la p\u00e1gina web. Su uso nos permite operar un servicio eficiente y estudiar el patr\u00f3n de comportamiento de los usuarios del sitio web.<\/li>\n\n\n\n<li><strong>Cookies de tercero:<\/strong> son aquellas colocadas en su dispositivo por otra entidad que trata los datos, no por el responsable de la p\u00e1gina web. Dicha informaci\u00f3n est\u00e1 controlada en su totalidad por el tercero de que se trate, de conformidad con su respectiva pol\u00edtica de privacidad.<\/li>\n\n\n\n<li><strong>Cookies de sesi\u00f3n:<\/strong> Recaban y almacenan datos mientras el usuario accede a una p\u00e1gina web. Cuando termina la sesi\u00f3n de su navegador, la cookie caduca.<\/li>\n\n\n\n<li><strong>Cookies persistentes:<\/strong> Almacenan los datos en el terminal de manera que pueden ser accedidos y tratados durante un periodo definido por el responsable de la cookie -de unos minutos a varios a\u00f1os-.<\/li>\n\n\n\n<li><strong>Cookies t\u00e9cnicas:<\/strong> Permiten al usuario la navegaci\u00f3n a trav\u00e9s de una p\u00e1gina web, plataforma o aplicaci\u00f3n y la utilizaci\u00f3n de las diferentes opciones o servicios que en ella existan.<\/li>\n\n\n\n<li><strong>Cookies de an\u00e1lisis:<\/strong> Permiten al responsable de las mismas, el seguimiento y an\u00e1lisis del comportamiento de los usuarios de los sitios web a los que est\u00e1n vinculadas. La informaci\u00f3n recogida mediante este tipo de cookies se utiliza en la medici\u00f3n de la actividad de los sitios web, aplicaci\u00f3n o plataforma y para la elaboraci\u00f3n de perfiles de navegaci\u00f3n de los usuarios de dichos sitios, aplicaciones y plataformas, con el fin de introducir mejoras en funci\u00f3n del an\u00e1lisis de los datos de uso que hacen los usuarios del servicio.<\/li>\n<\/ul>\n\n\n\n<h3 class=\"wp-block-heading\">Desactivaci\u00f3n de cookies<\/h3>\n\n\n\n<p>Puede usted permitir, bloquear o eliminar las cookies instaladas en su equipo mediante la configuraci\u00f3n de las opciones del navegador instalado en su ordenador. Por favor, lea atentamente la secci\u00f3n de ayuda de su navegador para conocer m\u00e1s acerca de c\u00f3mo activar el \u201cmodo privado\u201d o desbloquear determinadas cookies.<\/p>\n\n\n\n<ul class=\"wp-block-list\">\n<li><strong>Internet Explorer:<\/strong> Herramientas -> Opciones de Internet -> Privacidad -> Configuraci\u00f3n. Para m\u00e1s informaci\u00f3n, puedes consultar el <a href=\"https:\/\/support.microsoft.com\/es-es\/windows\/administrar-cookies-en-microsoft-edge-ver-permitir-bloquear-eliminar-y-usar-168dab11-0753-043d-7c16-ede5947fc64d\" data-type=\"link\" data-id=\"https:\/\/support.microsoft.com\/es-es\/windows\/administrar-cookies-en-microsoft-edge-ver-permitir-bloquear-eliminar-y-usar-168dab11-0753-043d-7c16-ede5947fc64d\">soporte de Microsoft<\/a> o la Ayuda del navegador.<\/li>\n\n\n\n<li><strong>Firefox:<\/strong> Herramientas -> Opciones -> Privacidad -> Historial -> Configuraci\u00f3n Personalizada. Para m\u00e1s informaci\u00f3n, puedes consultar el <a href=\"https:\/\/support.mozilla.org\/es\/kb\/cookies-informacion-que-los-sitios-web-guardan-en-\" data-type=\"link\" data-id=\"https:\/\/support.mozilla.org\/es\/kb\/cookies-informacion-que-los-sitios-web-guardan-en-\">soporte de Mozilla<\/a> o la Ayuda del navegador.<\/li>\n\n\n\n<li><strong>Chrome:<\/strong> Configuraci\u00f3n -> Mostrar opciones avanzadas -> Privacidad -> Configuraci\u00f3n de contenido. Para m\u00e1s informaci\u00f3n, puedes consultar el <a href=\"https:\/\/support.google.com\/chrome\/answer\/95647?hl=es&amp;ref_topic=3434352\" data-type=\"link\" data-id=\"https:\/\/support.google.com\/chrome\/answer\/95647?hl=es&amp;ref_topic=3434352\">soporte de Google<\/a> o la Ayuda del navegador.<\/li>\n\n\n\n<li><strong>Safari:<\/strong> Preferencias -> Seguridad. Para m\u00e1s informaci\u00f3n, puedes consultar el <a href=\"https:\/\/support.apple.com\/es-es\/guide\/safari\/-sfri11471\/mac\" data-type=\"link\" data-id=\"https:\/\/support.apple.com\/es-es\/guide\/safari\/-sfri11471\/mac\">soporte de Apple<\/a> o la Ayuda del navegador.<\/li>\n<\/ul>\n<\/div>\n","protected":false},"excerpt":{"rendered":"<p>Pol\u00edtica de Cookies \u00bfQu\u00e9 es una cookie? Las cookies son peque\u00f1os archivos de texto ubicados [&hellip;]<\/p>\n","protected":false},"author":1,"featured_media":0,"parent":0,"menu_order":0,"comment_status":"closed","ping_status":"closed","template":"","meta":{"footnotes":""},"class_list":["post-166","page","type-page","status-publish","hentry"],"_links":{"self":[{"href":"https:\/\/www.clinicaveterinariamanacor.com\/index.php\/wp-json\/wp\/v2\/pages\/166","targetHints":{"allow":["GET"]}}],"collection":[{"href":"https:\/\/www.clinicaveterinariamanacor.com\/index.php\/wp-json\/wp\/v2\/pages"}],"about":[{"href":"https:\/\/www.clinicaveterinariamanacor.com\/index.php\/wp-json\/wp\/v2\/types\/page"}],"author":[{"embeddable":true,"href":"https:\/\/www.clinicaveterinariamanacor.com\/index.php\/wp-json\/wp\/v2\/users\/1"}],"replies":[{"embeddable":true,"href":"https:\/\/www.clinicaveterinariamanacor.com\/index.php\/wp-json\/wp\/v2\/comments?post=166"}],"version-history":[{"count":2,"href":"https:\/\/www.clinicaveterinariamanacor.com\/index.php\/wp-json\/wp\/v2\/pages\/166\/revisions"}],"predecessor-version":[{"id":169,"href":"https:\/\/www.clinicaveterinariamanacor.com\/index.php\/wp-json\/wp\/v2\/pages\/166\/revisions\/169"}],"wp:attachment":[{"href":"https:\/\/www.clinicaveterinariamanacor.com\/index.php\/wp-json\/wp\/v2\/media?parent=166"}],"curies":[{"name":"wp","href":"https:\/\/api.w.org\/{rel}","templated":true}]}}