{"id":12,"date":"2025-02-02T14:25:55","date_gmt":"2025-02-02T13:25:55","guid":{"rendered":"http:\/\/cnuzyis.cluster030.hosting.ovh.net\/?page_id=12"},"modified":"2025-02-02T17:31:29","modified_gmt":"2025-02-02T16:31:29","slug":"quienes-somos","status":"publish","type":"page","link":"https:\/\/www.clinicaveterinariamanacor.com\/index.php\/quienes-somos\/","title":{"rendered":"QUIENES SOMOS"},"content":{"rendered":"\n<figure class=\"wp-block-image aligncenter size-large is-resized has-custom-border is-style-rounded\"><img loading=\"lazy\" decoding=\"async\" width=\"771\" height=\"1024\" src=\"http:\/\/www.clinicaveterinariamanacor.com\/wp-content\/uploads\/2025\/02\/PXL_20250202_112932260.PORTRAIT-771x1024.jpg\" alt=\"\" class=\"wp-image-115\" style=\"border-radius:24px;width:198px;height:auto\" srcset=\"https:\/\/www.clinicaveterinariamanacor.com\/wp-content\/uploads\/2025\/02\/PXL_20250202_112932260.PORTRAIT-771x1024.jpg 771w, https:\/\/www.clinicaveterinariamanacor.com\/wp-content\/uploads\/2025\/02\/PXL_20250202_112932260.PORTRAIT-226x300.jpg 226w, https:\/\/www.clinicaveterinariamanacor.com\/wp-content\/uploads\/2025\/02\/PXL_20250202_112932260.PORTRAIT-768x1020.jpg 768w, https:\/\/www.clinicaveterinariamanacor.com\/wp-content\/uploads\/2025\/02\/PXL_20250202_112932260.PORTRAIT-1157x1536.jpg 1157w, https:\/\/www.clinicaveterinariamanacor.com\/wp-content\/uploads\/2025\/02\/PXL_20250202_112932260.PORTRAIT-1542x2048.jpg 1542w, https:\/\/www.clinicaveterinariamanacor.com\/wp-content\/uploads\/2025\/02\/PXL_20250202_112932260.PORTRAIT-scaled.jpg 1928w\" sizes=\"auto, (max-width: 771px) 100vw, 771px\" \/><\/figure>\n\n\n\n<p class=\"has-big-font-size\"><strong>XISCA COMAS NOGUERA. VETERINARIA<\/strong><\/p>\n\n\n\n<p>Licenciada en Veterinaria por la Universidad de Santiago de Compostela en 2006 y Postgrado Universitario en Cirug\u00eda de Tejidos Blandos de peque\u00f1os animales en 2024.<\/p>\n\n\n\n<p>Al terminar la carrera consegu\u00ed a acceder a una residencia en el Hospital Universitario Rof Codina en el Departamento de Cirug\u00eda, con rotaciones en Diagn\u00f3stico por Imagen y Medicina Interna. Sin duda, esta \u00e9poca fue parte importante de mi formaci\u00f3n rodeada de grandes profesionales.<\/p>\n\n\n\n<p>Posteriormente decid\u00ed que ya era hora de volver a mi tierra y trabaj\u00e9 durante varios a\u00f1os para otras cl\u00ednicas continuando con mi formaci\u00f3n, centr\u00e1ndome en Cirug\u00eda de Tejidos Blandos y Medicina Interna.&nbsp;<\/p>\n\n\n\n<p>Actualmente resido en Manacor, donde soy fundadora de la Cl\u00ednica Veterinaria MANACOR desde septiembre del 2017.<\/p>\n\n\n\n<p>Mi objetivo es el bienestar de mis pacientes.&nbsp; Intento que acudan felices a verme y que el propietario entienda la medicina preventiva y en caso de patolog\u00eda, qu\u00e9 es lo que puede hacer para ayudar a su amigo y\/o confidente peludo.<\/p>\n\n\n\n<p>\u00ab<em><strong>HASTA QUE UNO NO HA AMADO A UN ANIMAL, UNA PARTE DEL ALMA SIGUE SIN DESPERTAR<\/strong><\/em>\u00bb (Anatole France)<\/p>\n\n\n\n<figure class=\"wp-block-image aligncenter size-large is-resized has-custom-border is-style-rounded\"><img loading=\"lazy\" decoding=\"async\" width=\"834\" height=\"1112\" src=\"http:\/\/www.clinicaveterinariamanacor.com\/wp-content\/uploads\/2025\/02\/Elsa-edited.jpg\" alt=\"\" class=\"wp-image-156\" style=\"border-radius:24px;width:198px\" srcset=\"https:\/\/www.clinicaveterinariamanacor.com\/wp-content\/uploads\/2025\/02\/Elsa-edited.jpg 834w, https:\/\/www.clinicaveterinariamanacor.com\/wp-content\/uploads\/2025\/02\/Elsa-edited-225x300.jpg 225w, https:\/\/www.clinicaveterinariamanacor.com\/wp-content\/uploads\/2025\/02\/Elsa-edited-768x1024.jpg 768w\" sizes=\"auto, (max-width: 834px) 100vw, 834px\" \/><\/figure>\n\n\n\n<p class=\"has-big-font-size\"><strong>ELSA DE OPAZO PINA. AUXILIAR DE VETERINARIA.<\/strong><\/p>\n\n\n\n<p>Gran amante de los animales desde peque\u00f1a.<\/p>\n\n\n\n<p>En 2004 me inici\u00e9 como voluntaria en la protectora de Capdepera ayudando en tareas administrativas y trabajo de campo, tras esta experiencia tan gratificante decid\u00ed formarme como auxiliar cl\u00ednica veterinaria durante el 2008.<\/p>\n\n\n\n<p>Una vez finalizados mis estudios, empec\u00e9 a trabajar en BALDEA donde compagin\u00e9 mi trabajo de administrativa con labores de auxiliar veterinaria, adem\u00e1s de gestionar la perrera municipal.<\/p>\n\n\n\n<p>Desde mayo del 2021 trabajo con Xisca Comas en la Cl\u00ednica Veterinaria Manacor.<\/p>\n\n\n\n<p><strong>\u00ab<em>LA GRANDEZA DE UNA NACI\u00d3N Y SU PROGRESO MORAL PUEDEN JUZGARSE POR LA FORMA EN QUE SE TRATA A SUS ANIMALES<\/em>\u00bb\u00a0<\/strong>(Mahatma Gandhi)<\/p>\n","protected":false},"excerpt":{"rendered":"<p>XISCA COMAS NOGUERA. VETERINARIA Licenciada en Veterinaria por la Universidad de Santiago de Compostela en [&hellip;]<\/p>\n","protected":false},"author":1,"featured_media":0,"parent":0,"menu_order":0,"comment_status":"closed","ping_status":"closed","template":"","meta":{"footnotes":""},"class_list":["post-12","page","type-page","status-publish","hentry"],"_links":{"self":[{"href":"https:\/\/www.clinicaveterinariamanacor.com\/index.php\/wp-json\/wp\/v2\/pages\/12","targetHints":{"allow":["GET"]}}],"collection":[{"href":"https:\/\/www.clinicaveterinariamanacor.com\/index.php\/wp-json\/wp\/v2\/pages"}],"about":[{"href":"https:\/\/www.clinicaveterinariamanacor.com\/index.php\/wp-json\/wp\/v2\/types\/page"}],"author":[{"embeddable":true,"href":"https:\/\/www.clinicaveterinariamanacor.com\/index.php\/wp-json\/wp\/v2\/users\/1"}],"replies":[{"embeddable":true,"href":"https:\/\/www.clinicaveterinariamanacor.com\/index.php\/wp-json\/wp\/v2\/comments?post=12"}],"version-history":[{"count":8,"href":"https:\/\/www.clinicaveterinariamanacor.com\/index.php\/wp-json\/wp\/v2\/pages\/12\/revisions"}],"predecessor-version":[{"id":157,"href":"https:\/\/www.clinicaveterinariamanacor.com\/index.php\/wp-json\/wp\/v2\/pages\/12\/revisions\/157"}],"wp:attachment":[{"href":"https:\/\/www.clinicaveterinariamanacor.com\/index.php\/wp-json\/wp\/v2\/media?parent=12"}],"curies":[{"name":"wp","href":"https:\/\/api.w.org\/{rel}","templated":true}]}}